{"id":161,"date":"2021-10-19T17:03:52","date_gmt":"2021-10-19T15:03:52","guid":{"rendered":"https:\/\/listinghive.hivepress.io\/?page_id=8"},"modified":"2023-09-29T22:47:21","modified_gmt":"2023-09-29T20:47:21","slug":"home","status":"publish","type":"page","link":"https:\/\/www.paris.clickandbed.com\/","title":{"rendered":"Location appartement meubl\u00e9 \u00e0 Paris"},"content":{"rendered":"\n<h2 class=\"wp-block-heading has-text-align-center\"><a data-type=\"link\" data-id=\"https:\/\/www.clickandbed.com\/index.php\/location-meublee-au-mois-a-paris\/\" href=\"https:\/\/www.clickandbed.com\/index.php\/location-meublee-au-mois-a-paris\/\"><strong>Locations meubl\u00e9es au mois \u00e0 Paris <\/strong><\/a><\/h2>\n\n\n\n<h3 class=\"wp-block-heading has-text-align-center has-medium-font-size\">Appartements de type Studio, 2 pi\u00e8ces, 3 pi\u00e8ces, 4 pi\u00e8ces&#8230; <\/h3>\n\n\n\n<!--more-->\n<!--noteaser-->\n\n\n <form class=\"hp-form--wide hp-form--primary hp-block hp-form hp-form--listing-search\" action=\"https:\/\/www.paris.clickandbed.com\" method=\"GET\" data-component=\"form\"><div class=\"hp-form__messages\" data-component=\"messages\"><\/div><div class=\"hp-form__fields\"><input type=\"hidden\" name=\"post_type\" value=\"hp_listing\" class=\"hp-field hp-field--hidden\"><select name=\"_category\" class=\"hp-field hp-field--hidden\"><option value=\"\">All Categories<\/option><option value=\"36\">Studio meubl\u00e9 \u00e0 Paris<\/option><option value=\"37\">2 pi\u00e8ces meubl\u00e9 \u00e0 Paris<\/option><option value=\"38\">3 pi\u00e8ces meubl\u00e9 \u00e0 Paris<\/option><option value=\"40\">Paris 1er arrondissement<\/option><option value=\"41\">Paris 2\u00e8me arrondissement<\/option><option value=\"42\">Paris 3\u00e8me arrondissement<\/option><option value=\"43\">Paris 4\u00e8me arrondissement<\/option><option value=\"44\">Paris 5\u00e8me arrondissement<\/option><option value=\"45\">Paris 6\u00e8me arrondissement<\/option><option value=\"46\">Paris 7\u00e8me arrondissement<\/option><option value=\"47\">Paris 8\u00e8me arrondissement<\/option><option value=\"48\">Paris 9\u00e8me arrondissement<\/option><option value=\"50\">Paris 11\u00e8me arrondissement<\/option><option value=\"51\">Paris 12\u00e8me arrondissement<\/option><option value=\"49\">Paris 15\u00e8me arrondissement<\/option><option value=\"29\">Services<\/option><\/select><div class=\"hp-form__field hp-form__field--search\"><input type=\"search\" name=\"s\" value=\"\" placeholder=\"Keywords\" maxlength=\"256\" class=\"hp-field hp-field--search\"><\/div><\/div><div class=\"hp-form__footer\"><button type=\"submit\" class=\"hp-form__button button-primary alt button hp-field hp-field--submit\"><span>Search<\/span><\/button><\/div><\/form>\n\n\n<div style=\"height:1px\" aria-hidden=\"true\" class=\"wp-block-spacer\"><\/div>\n\n\n\n<h2 class=\"wp-block-heading has-text-align-center content-title\"><strong>Appartements meubl\u00e9s<\/strong><\/h2>\n\n\n <div class=\"hp-listing-categories hp-grid hp-block\"><div class=\"hp-row\"><div class=\"hp-grid__item hp-col-sm-4 hp-col-xs-12\"><article class=\"hp-listing-category hp-listing-category--view-block\"><header class=\"hp-listing-category__header\"><div class=\"hp-listing-category__image\">\n\t<a href=\"https:\/\/www.paris.clickandbed.com\/index.php\/listing-category\/studio-meuble-paris\/\">\n\t\t\t\t\t<img decoding=\"async\" src=\"https:\/\/www.paris.clickandbed.com\/wp-content\/uploads\/2023\/09\/location-en-moyenne-duree-studio-meuble-a-paris-400x533.jpg\" alt=\"Studio meubl\u00e9 \u00e0 Paris\" loading=\"lazy\">\n\t\t\t<\/a>\n<\/div>\n<div class=\"hp-listing-category__item-count hp-listing-category__count\">4 Listings<\/div>\n<\/header><div class=\"hp-listing-category__content\"><h3 class=\"hp-listing-category__name\"><a href=\"https:\/\/www.paris.clickandbed.com\/index.php\/listing-category\/studio-meuble-paris\/\">Studio meubl\u00e9 \u00e0 Paris<\/a>\n<\/h3><div class=\"hp-listing-category__details hp-listing-category__details--primary\"><div class=\"hp-listing-category__item-count hp-listing-category__count\">4 Listings<\/div>\n<\/div>\t<div class=\"hp-listing-category__description\">Appartements meubl\u00e9s de type T1 en location moyenne dur\u00e9e \u00e0 Paris<\/div>\n\t<\/div><\/article><\/div><div class=\"hp-grid__item hp-col-sm-4 hp-col-xs-12\"><article class=\"hp-listing-category hp-listing-category--view-block\"><header class=\"hp-listing-category__header\"><div class=\"hp-listing-category__image\">\n\t<a href=\"https:\/\/www.paris.clickandbed.com\/index.php\/listing-category\/t2-meuble-paris\/\">\n\t\t\t\t\t<img decoding=\"async\" src=\"https:\/\/www.paris.clickandbed.com\/wp-content\/uploads\/2023\/09\/Loctaion-appartement-T2-meuble-en-moyene-duree-paris-400x533.jpg\" alt=\"2 pi\u00e8ces meubl\u00e9 \u00e0 Paris\" loading=\"lazy\">\n\t\t\t<\/a>\n<\/div>\n<div class=\"hp-listing-category__item-count hp-listing-category__count\">5 Listings<\/div>\n<\/header><div class=\"hp-listing-category__content\"><h3 class=\"hp-listing-category__name\"><a href=\"https:\/\/www.paris.clickandbed.com\/index.php\/listing-category\/t2-meuble-paris\/\">2 pi\u00e8ces meubl\u00e9 \u00e0 Paris<\/a>\n<\/h3><div class=\"hp-listing-category__details hp-listing-category__details--primary\"><div class=\"hp-listing-category__item-count hp-listing-category__count\">5 Listings<\/div>\n<\/div>\t<div class=\"hp-listing-category__description\">Appartements meubl\u00e9s de type T2 en location moyenne dur\u00e9e \u00e0 Paris<\/div>\n\t<\/div><\/article><\/div><div class=\"hp-grid__item hp-col-sm-4 hp-col-xs-12\"><article class=\"hp-listing-category hp-listing-category--view-block\"><header class=\"hp-listing-category__header\"><div class=\"hp-listing-category__image\">\n\t<a href=\"https:\/\/www.paris.clickandbed.com\/index.php\/listing-category\/t3-meuble-paris\/\">\n\t\t\t\t\t<img decoding=\"async\" src=\"https:\/\/www.paris.clickandbed.com\/wp-content\/uploads\/2023\/09\/location-appartement-T3-meuble-a-paris-en-moyenne-duree-400x533.jpg\" alt=\"3 pi\u00e8ces meubl\u00e9 \u00e0 Paris\" loading=\"lazy\">\n\t\t\t<\/a>\n<\/div>\n<div class=\"hp-listing-category__item-count hp-listing-category__count\">1 Listing<\/div>\n<\/header><div class=\"hp-listing-category__content\"><h3 class=\"hp-listing-category__name\"><a href=\"https:\/\/www.paris.clickandbed.com\/index.php\/listing-category\/t3-meuble-paris\/\">3 pi\u00e8ces meubl\u00e9 \u00e0 Paris<\/a>\n<\/h3><div class=\"hp-listing-category__details hp-listing-category__details--primary\"><div class=\"hp-listing-category__item-count hp-listing-category__count\">1 Listing<\/div>\n<\/div>\t<div class=\"hp-listing-category__description\">Appartements meubl\u00e9s de type T3 en location moyenne dur\u00e9e \u00e0 Paris<\/div>\n\t<\/div><\/article><\/div><\/div><\/div>\n\n\n<h3 class=\"wp-block-heading has-text-align-center content-title\"><strong>Location en moyenne dur\u00e9e<\/strong><\/h3>\n\n\n\n<h3 class=\"wp-block-heading has-text-align-center\">Entre un et dix mois<\/h3>\n\n\n <div class=\"hp-listings hp-block hp-grid\"><div class=\"hp-row\"><div class=\"hp-grid__item hp-col-sm-4 hp-col-xs-12\"><article class=\"hp-listing hp-listing--view-block hp-listing--verified\"><header class=\"hp-listing__header\"><div class=\"hp-listing__image\">\n\t<a href=\"https:\/\/www.paris.clickandbed.com\/index.php\/listing\/t2-paris-12eme-arrondissement-cnb-c2265\/\">\n\t\t\t\t\t<img decoding=\"async\" src=\"https:\/\/www.paris.clickandbed.com\/wp-content\/uploads\/2023\/10\/location-meublee-moyenne-duree-paris-12eme-arrondissement-2265-400x300.jpg\" alt=\"T2 Paris 12\u00e8me arrondissement - CNB-C2265\" loading=\"lazy\">\n\t\t\t<\/a>\n<\/div>\n<\/header><div class=\"hp-listing__content\">\t<div class=\"hp-listing__categories hp-listing__category\">\n\t\t\t\t\t<a href=\"https:\/\/www.paris.clickandbed.com\/index.php\/listing-category\/t2-meuble-paris\/\">2 pi\u00e8ces meubl\u00e9 \u00e0 Paris<\/a>\n\t\t\t\t\t<a href=\"https:\/\/www.paris.clickandbed.com\/index.php\/listing-category\/paris-12eme-arrondissement\/\">Paris 12\u00e8me arrondissement<\/a>\n\t\t\t<\/div>\n\t<h4 class=\"hp-listing__title\"><a href=\"https:\/\/www.paris.clickandbed.com\/index.php\/listing\/t2-paris-12eme-arrondissement-cnb-c2265\/\">T2 Paris 12\u00e8me arrondissement &#8211; CNB-C2265<\/a>\n\t<i class=\"hp-listing__verified-badge hp-listing__verified hp-icon fas fa-check-circle\" title=\"Verified\"><\/i>\n\t<\/h4><div class=\"hp-listing__details hp-listing__details--primary\">\t<div class=\"hp-listing__categories hp-listing__category\">\n\t\t\t\t\t<a href=\"https:\/\/www.paris.clickandbed.com\/index.php\/listing-category\/t2-meuble-paris\/\">2 pi\u00e8ces meubl\u00e9 \u00e0 Paris<\/a>\n\t\t\t\t\t<a href=\"https:\/\/www.paris.clickandbed.com\/index.php\/listing-category\/paris-12eme-arrondissement\/\">Paris 12\u00e8me arrondissement<\/a>\n\t\t\t<\/div>\n\t<time class=\"hp-listing__created-date hp-listing__date hp-meta\" datetime=\"2023-10-31 14:35:52\">\n\tAdded on 31 October 2023<\/time>\n<\/div><div class=\"hp-block hp-listing__attributes hp-listing__attributes--secondary\"><div class=\"hp-row\"><\/div><\/div><\/div><footer class=\"hp-listing__footer\"><div class=\"hp-block hp-listing__attributes hp-listing__attributes--primary\"><div class=\"hp-listing__attribute hp-listing__attribute--prix-loyer\">2,250\u20ac\/mois<\/div><\/div><div class=\"hp-listing__actions hp-listing__actions--primary\"><a href=\"#user_login_modal\" title=\"Reply to Listing\" class=\"hp-listing__action hp-listing__action--message\"><i class=\"hp-icon fas fa-comment\"><\/i><\/a>\n<a class=\"hp-listing__action hp-listing__action--favorite\" href=\"#user_login_modal\"><i class=\"hp-icon fas fa-heart\"><\/i><\/a><\/div><\/footer><\/article><\/div><div class=\"hp-grid__item hp-col-sm-4 hp-col-xs-12\"><article class=\"hp-listing hp-listing--view-block hp-listing--verified\"><header class=\"hp-listing__header\"><div class=\"hp-listing__image\">\n\t<a href=\"https:\/\/www.paris.clickandbed.com\/index.php\/listing\/t1-paris-8eme-arrondissement-cnb-c2492\/\">\n\t\t\t\t\t<img decoding=\"async\" src=\"https:\/\/www.paris.clickandbed.com\/wp-content\/uploads\/2023\/10\/location-studio-meuble-moyenne-duree-paris-8eme-arrondissement-charles-de-gaulle-cmg2492-b-400x300.jpg\" alt=\"T1 Paris 8\u00e8me arrondissement - CNB-C2492\" loading=\"lazy\">\n\t\t\t<\/a>\n<\/div>\n<\/header><div class=\"hp-listing__content\">\t<div class=\"hp-listing__categories hp-listing__category\">\n\t\t\t\t\t<a href=\"https:\/\/www.paris.clickandbed.com\/index.php\/listing-category\/paris-8eme-arrondissement\/\">Paris 8\u00e8me arrondissement<\/a>\n\t\t\t\t\t<a href=\"https:\/\/www.paris.clickandbed.com\/index.php\/listing-category\/studio-meuble-paris\/\">Studio meubl\u00e9 \u00e0 Paris<\/a>\n\t\t\t<\/div>\n\t<h4 class=\"hp-listing__title\"><a href=\"https:\/\/www.paris.clickandbed.com\/index.php\/listing\/t1-paris-8eme-arrondissement-cnb-c2492\/\">T1 Paris 8\u00e8me arrondissement &#8211; CNB-C2492<\/a>\n\t<i class=\"hp-listing__verified-badge hp-listing__verified hp-icon fas fa-check-circle\" title=\"Verified\"><\/i>\n\t<\/h4><div class=\"hp-listing__details hp-listing__details--primary\">\t<div class=\"hp-listing__categories hp-listing__category\">\n\t\t\t\t\t<a href=\"https:\/\/www.paris.clickandbed.com\/index.php\/listing-category\/paris-8eme-arrondissement\/\">Paris 8\u00e8me arrondissement<\/a>\n\t\t\t\t\t<a href=\"https:\/\/www.paris.clickandbed.com\/index.php\/listing-category\/studio-meuble-paris\/\">Studio meubl\u00e9 \u00e0 Paris<\/a>\n\t\t\t<\/div>\n\t<time class=\"hp-listing__created-date hp-listing__date hp-meta\" datetime=\"2023-10-18 16:44:31\">\n\tAdded on 18 October 2023<\/time>\n<\/div><div class=\"hp-block hp-listing__attributes hp-listing__attributes--secondary\"><div class=\"hp-row\"><\/div><\/div><\/div><footer class=\"hp-listing__footer\"><div class=\"hp-block hp-listing__attributes hp-listing__attributes--primary\"><div class=\"hp-listing__attribute hp-listing__attribute--prix-loyer\">1,750\u20ac\/mois<\/div><\/div><div class=\"hp-listing__actions hp-listing__actions--primary\"><a href=\"#user_login_modal\" title=\"Reply to Listing\" class=\"hp-listing__action hp-listing__action--message\"><i class=\"hp-icon fas fa-comment\"><\/i><\/a>\n<a class=\"hp-listing__action hp-listing__action--favorite\" href=\"#user_login_modal\"><i class=\"hp-icon fas fa-heart\"><\/i><\/a><\/div><\/footer><\/article><\/div><div class=\"hp-grid__item hp-col-sm-4 hp-col-xs-12\"><article class=\"hp-listing hp-listing--view-block hp-listing--verified\"><header class=\"hp-listing__header\"><div class=\"hp-listing__image\">\n\t<a href=\"https:\/\/www.paris.clickandbed.com\/index.php\/listing\/t1-paris-11eme-arrondissement-cnb-c2846\/\">\n\t\t\t\t\t<img decoding=\"async\" src=\"https:\/\/www.paris.clickandbed.com\/wp-content\/uploads\/2023\/10\/location-appartement-meuble-moyenne-duree-paris-Bastille-cmg-2846-a-400x300.png\" alt=\"T1 Paris 11\u00e8me arrondissement - CNB-C2846\" loading=\"lazy\">\n\t\t\t<\/a>\n<\/div>\n<\/header><div class=\"hp-listing__content\">\t<div class=\"hp-listing__categories hp-listing__category\">\n\t\t\t\t\t<a href=\"https:\/\/www.paris.clickandbed.com\/index.php\/listing-category\/paris-11eme-arrondissement\/\">Paris 11\u00e8me arrondissement<\/a>\n\t\t\t\t\t<a href=\"https:\/\/www.paris.clickandbed.com\/index.php\/listing-category\/studio-meuble-paris\/\">Studio meubl\u00e9 \u00e0 Paris<\/a>\n\t\t\t<\/div>\n\t<h4 class=\"hp-listing__title\"><a href=\"https:\/\/www.paris.clickandbed.com\/index.php\/listing\/t1-paris-11eme-arrondissement-cnb-c2846\/\">T1 Paris 11\u00e8me arrondissement &#8211; CNB-C2846<\/a>\n\t<i class=\"hp-listing__verified-badge hp-listing__verified hp-icon fas fa-check-circle\" title=\"Verified\"><\/i>\n\t<\/h4><div class=\"hp-listing__details hp-listing__details--primary\">\t<div class=\"hp-listing__categories hp-listing__category\">\n\t\t\t\t\t<a href=\"https:\/\/www.paris.clickandbed.com\/index.php\/listing-category\/paris-11eme-arrondissement\/\">Paris 11\u00e8me arrondissement<\/a>\n\t\t\t\t\t<a href=\"https:\/\/www.paris.clickandbed.com\/index.php\/listing-category\/studio-meuble-paris\/\">Studio meubl\u00e9 \u00e0 Paris<\/a>\n\t\t\t<\/div>\n\t<time class=\"hp-listing__created-date hp-listing__date hp-meta\" datetime=\"2023-10-18 15:31:12\">\n\tAdded on 18 October 2023<\/time>\n<\/div><div class=\"hp-block hp-listing__attributes hp-listing__attributes--secondary\"><div class=\"hp-row\"><\/div><\/div><\/div><footer class=\"hp-listing__footer\"><div class=\"hp-block hp-listing__attributes hp-listing__attributes--primary\"><div class=\"hp-listing__attribute hp-listing__attribute--prix-loyer\">1,500\u20ac\/mois<\/div><\/div><div class=\"hp-listing__actions hp-listing__actions--primary\"><a href=\"#user_login_modal\" title=\"Reply to Listing\" class=\"hp-listing__action hp-listing__action--message\"><i class=\"hp-icon fas fa-comment\"><\/i><\/a>\n<a class=\"hp-listing__action hp-listing__action--favorite\" href=\"#user_login_modal\"><i class=\"hp-icon fas fa-heart\"><\/i><\/a><\/div><\/footer><\/article><\/div><div class=\"hp-grid__item hp-col-sm-4 hp-col-xs-12\"><article class=\"hp-listing hp-listing--view-block hp-listing--verified\"><header class=\"hp-listing__header\"><div class=\"hp-listing__image\">\n\t<a href=\"https:\/\/www.paris.clickandbed.com\/index.php\/listing\/t2-paris-15eme-arrondissement-cnb-c2897\/\">\n\t\t\t\t\t<img decoding=\"async\" src=\"https:\/\/www.paris.clickandbed.com\/wp-content\/uploads\/2023\/10\/location-t2-meuble-moyenne-duree-paris-15-eme-arrondissement-cmg-2897-b-400x300.jpg\" alt=\"T2 Paris 15\u00e8me arrondissement - CNB-C2897\" loading=\"lazy\">\n\t\t\t<\/a>\n<\/div>\n<\/header><div class=\"hp-listing__content\">\t<div class=\"hp-listing__categories hp-listing__category\">\n\t\t\t\t\t<a href=\"https:\/\/www.paris.clickandbed.com\/index.php\/listing-category\/t2-meuble-paris\/\">2 pi\u00e8ces meubl\u00e9 \u00e0 Paris<\/a>\n\t\t\t\t\t<a href=\"https:\/\/www.paris.clickandbed.com\/index.php\/listing-category\/paris-15eme-arrondissement\/\">Paris 15\u00e8me arrondissement<\/a>\n\t\t\t<\/div>\n\t<h4 class=\"hp-listing__title\"><a href=\"https:\/\/www.paris.clickandbed.com\/index.php\/listing\/t2-paris-15eme-arrondissement-cnb-c2897\/\">T2 Paris 15\u00e8me arrondissement &#8211; CNB-C2897<\/a>\n\t<i class=\"hp-listing__verified-badge hp-listing__verified hp-icon fas fa-check-circle\" title=\"Verified\"><\/i>\n\t<\/h4><div class=\"hp-listing__details hp-listing__details--primary\">\t<div class=\"hp-listing__categories hp-listing__category\">\n\t\t\t\t\t<a href=\"https:\/\/www.paris.clickandbed.com\/index.php\/listing-category\/t2-meuble-paris\/\">2 pi\u00e8ces meubl\u00e9 \u00e0 Paris<\/a>\n\t\t\t\t\t<a href=\"https:\/\/www.paris.clickandbed.com\/index.php\/listing-category\/paris-15eme-arrondissement\/\">Paris 15\u00e8me arrondissement<\/a>\n\t\t\t<\/div>\n\t<time class=\"hp-listing__created-date hp-listing__date hp-meta\" datetime=\"2023-10-18 03:55:04\">\n\tAdded on 18 October 2023<\/time>\n<\/div><div class=\"hp-block hp-listing__attributes hp-listing__attributes--secondary\"><div class=\"hp-row\"><\/div><\/div><\/div><footer class=\"hp-listing__footer\"><div class=\"hp-block hp-listing__attributes hp-listing__attributes--primary\"><div class=\"hp-listing__attribute hp-listing__attribute--prix-loyer\">2,400\u20ac\/mois<\/div><\/div><div class=\"hp-listing__actions hp-listing__actions--primary\"><a href=\"#user_login_modal\" title=\"Reply to Listing\" class=\"hp-listing__action hp-listing__action--message\"><i class=\"hp-icon fas fa-comment\"><\/i><\/a>\n<a class=\"hp-listing__action hp-listing__action--favorite\" href=\"#user_login_modal\"><i class=\"hp-icon fas fa-heart\"><\/i><\/a><\/div><\/footer><\/article><\/div><div class=\"hp-grid__item hp-col-sm-4 hp-col-xs-12\"><article class=\"hp-listing hp-listing--view-block hp-listing--verified\"><header class=\"hp-listing__header\"><div class=\"hp-listing__image\">\n\t<a href=\"https:\/\/www.paris.clickandbed.com\/index.php\/listing\/t2-paris-9eme-arrondissement-cnb-c2260\/\">\n\t\t\t\t\t<img decoding=\"async\" src=\"https:\/\/www.paris.clickandbed.com\/wp-content\/uploads\/2023\/10\/location-meublee-75009-Paris-2260a-400x300.jpg\" alt=\"T2 Paris 9\u00e8me arrondissement - CNB-c2260\" loading=\"lazy\">\n\t\t\t<\/a>\n<\/div>\n<\/header><div class=\"hp-listing__content\">\t<div class=\"hp-listing__categories hp-listing__category\">\n\t\t\t\t\t<a href=\"https:\/\/www.paris.clickandbed.com\/index.php\/listing-category\/t2-meuble-paris\/\">2 pi\u00e8ces meubl\u00e9 \u00e0 Paris<\/a>\n\t\t\t\t\t<a href=\"https:\/\/www.paris.clickandbed.com\/index.php\/listing-category\/paris-9eme-arrondissement\/\">Paris 9\u00e8me arrondissement<\/a>\n\t\t\t<\/div>\n\t<h4 class=\"hp-listing__title\"><a href=\"https:\/\/www.paris.clickandbed.com\/index.php\/listing\/t2-paris-9eme-arrondissement-cnb-c2260\/\">T2 Paris 9\u00e8me arrondissement &#8211; CNB-c2260<\/a>\n\t<i class=\"hp-listing__verified-badge hp-listing__verified hp-icon fas fa-check-circle\" title=\"Verified\"><\/i>\n\t<\/h4><div class=\"hp-listing__details hp-listing__details--primary\">\t<div class=\"hp-listing__categories hp-listing__category\">\n\t\t\t\t\t<a href=\"https:\/\/www.paris.clickandbed.com\/index.php\/listing-category\/t2-meuble-paris\/\">2 pi\u00e8ces meubl\u00e9 \u00e0 Paris<\/a>\n\t\t\t\t\t<a href=\"https:\/\/www.paris.clickandbed.com\/index.php\/listing-category\/paris-9eme-arrondissement\/\">Paris 9\u00e8me arrondissement<\/a>\n\t\t\t<\/div>\n\t<time class=\"hp-listing__created-date hp-listing__date hp-meta\" datetime=\"2023-10-09 23:29:09\">\n\tAdded on 9 October 2023<\/time>\n<\/div><div class=\"hp-block hp-listing__attributes hp-listing__attributes--secondary\"><div class=\"hp-row\"><\/div><\/div><\/div><footer class=\"hp-listing__footer\"><div class=\"hp-block hp-listing__attributes hp-listing__attributes--primary\"><div class=\"hp-listing__attribute hp-listing__attribute--prix-loyer\">2,250\u20ac\/mois<\/div><\/div><div class=\"hp-listing__actions hp-listing__actions--primary\"><a href=\"#user_login_modal\" title=\"Reply to Listing\" class=\"hp-listing__action hp-listing__action--message\"><i class=\"hp-icon fas fa-comment\"><\/i><\/a>\n<a class=\"hp-listing__action hp-listing__action--favorite\" href=\"#user_login_modal\"><i class=\"hp-icon fas fa-heart\"><\/i><\/a><\/div><\/footer><\/article><\/div><div class=\"hp-grid__item hp-col-sm-4 hp-col-xs-12\"><article class=\"hp-listing hp-listing--view-block hp-listing--verified\"><header class=\"hp-listing__header\"><div class=\"hp-listing__image\">\n\t<a href=\"https:\/\/www.paris.clickandbed.com\/index.php\/listing\/t2-paris-1er-arrondissement-cnb-c2304\/\">\n\t\t\t\t\t<img decoding=\"async\" src=\"https:\/\/www.paris.clickandbed.com\/wp-content\/uploads\/2023\/10\/location-moyenne-duree-paris-cmg-2304-c-400x300.jpg\" alt=\"T2 Paris 1er arrondissement - CNB-c2304\" loading=\"lazy\">\n\t\t\t<\/a>\n<\/div>\n<\/header><div class=\"hp-listing__content\">\t<div class=\"hp-listing__categories hp-listing__category\">\n\t\t\t\t\t<a href=\"https:\/\/www.paris.clickandbed.com\/index.php\/listing-category\/t2-meuble-paris\/\">2 pi\u00e8ces meubl\u00e9 \u00e0 Paris<\/a>\n\t\t\t\t\t<a href=\"https:\/\/www.paris.clickandbed.com\/index.php\/listing-category\/paris-1er-arrondissement\/\">Paris 1er arrondissement<\/a>\n\t\t\t<\/div>\n\t<h4 class=\"hp-listing__title\"><a href=\"https:\/\/www.paris.clickandbed.com\/index.php\/listing\/t2-paris-1er-arrondissement-cnb-c2304\/\">T2 Paris 1er arrondissement &#8211; CNB-c2304<\/a>\n\t<i class=\"hp-listing__verified-badge hp-listing__verified hp-icon fas fa-check-circle\" title=\"Verified\"><\/i>\n\t<\/h4><div class=\"hp-listing__details hp-listing__details--primary\">\t<div class=\"hp-listing__categories hp-listing__category\">\n\t\t\t\t\t<a href=\"https:\/\/www.paris.clickandbed.com\/index.php\/listing-category\/t2-meuble-paris\/\">2 pi\u00e8ces meubl\u00e9 \u00e0 Paris<\/a>\n\t\t\t\t\t<a href=\"https:\/\/www.paris.clickandbed.com\/index.php\/listing-category\/paris-1er-arrondissement\/\">Paris 1er arrondissement<\/a>\n\t\t\t<\/div>\n\t<time class=\"hp-listing__created-date hp-listing__date hp-meta\" datetime=\"2023-10-09 21:35:31\">\n\tAdded on 9 October 2023<\/time>\n<\/div><div class=\"hp-block hp-listing__attributes hp-listing__attributes--secondary\"><div class=\"hp-row\"><\/div><\/div><\/div><footer class=\"hp-listing__footer\"><div class=\"hp-block hp-listing__attributes hp-listing__attributes--primary\"><div class=\"hp-listing__attribute hp-listing__attribute--prix-loyer\">3,000\u20ac\/mois<\/div><\/div><div class=\"hp-listing__actions hp-listing__actions--primary\"><a href=\"#user_login_modal\" title=\"Reply to Listing\" class=\"hp-listing__action hp-listing__action--message\"><i class=\"hp-icon fas fa-comment\"><\/i><\/a>\n<a class=\"hp-listing__action hp-listing__action--favorite\" href=\"#user_login_modal\"><i class=\"hp-icon fas fa-heart\"><\/i><\/a><\/div><\/footer><\/article><\/div><\/div><\/div>","protected":false},"excerpt":{"rendered":"<p>Locations meubl\u00e9es au mois \u00e0 Paris Appartements de type Studio, 2 pi\u00e8ces, 3 pi\u00e8ces, 4 pi\u00e8ces&#8230;<\/p>\n","protected":false},"author":1,"featured_media":0,"parent":0,"menu_order":0,"comment_status":"closed","ping_status":"closed","template":"","meta":{"footnotes":""},"class_list":["post-161","page","type-page","status-publish","hentry"],"aioseo_notices":[],"_links":{"self":[{"href":"https:\/\/www.paris.clickandbed.com\/index.php\/wp-json\/wp\/v2\/pages\/161","targetHints":{"allow":["GET"]}}],"collection":[{"href":"https:\/\/www.paris.clickandbed.com\/index.php\/wp-json\/wp\/v2\/pages"}],"about":[{"href":"https:\/\/www.paris.clickandbed.com\/index.php\/wp-json\/wp\/v2\/types\/page"}],"author":[{"embeddable":true,"href":"https:\/\/www.paris.clickandbed.com\/index.php\/wp-json\/wp\/v2\/users\/1"}],"replies":[{"embeddable":true,"href":"https:\/\/www.paris.clickandbed.com\/index.php\/wp-json\/wp\/v2\/comments?post=161"}],"version-history":[{"count":5,"href":"https:\/\/www.paris.clickandbed.com\/index.php\/wp-json\/wp\/v2\/pages\/161\/revisions"}],"predecessor-version":[{"id":185,"href":"https:\/\/www.paris.clickandbed.com\/index.php\/wp-json\/wp\/v2\/pages\/161\/revisions\/185"}],"wp:attachment":[{"href":"https:\/\/www.paris.clickandbed.com\/index.php\/wp-json\/wp\/v2\/media?parent=161"}],"curies":[{"name":"wp","href":"https:\/\/api.w.org\/{rel}","templated":true}]}}