{"id":186,"date":"2023-09-30T14:37:19","date_gmt":"2023-09-30T12:37:19","guid":{"rendered":"https:\/\/www.paris.clickandbed.com\/?page_id=186"},"modified":"2023-10-18T03:29:20","modified_gmt":"2023-10-18T01:29:20","slug":"se-loger-a-paris-pour-quelques-mois","status":"publish","type":"page","link":"https:\/\/www.paris.clickandbed.com\/index.php\/se-loger-a-paris-pour-quelques-mois\/","title":{"rendered":"Se loger \u00e0 Paris pour quelques mois"},"content":{"rendered":"\n<h3 class=\"wp-block-heading\"><a href=\"https:\/\/www.clickandbed.com\/?post_type=hp_listing&amp;latitude=48.8534951&amp;longitude=2.3483915&amp;_category=&amp;s=&amp;location=Paris%2C+France&amp;_dates%5B%5D=&amp;_dates%5B%5D=&amp;bedrooms=\" title=\"\">Click and Bed vous propose la location d&#8217;appartements meubl\u00e9s au mois \u00e0 Paris<\/a><\/h3>\n\n\n\n<p>Solution pour se loger \u00e0 Paris  en bail mobilit\u00e9 ou en bail civil<\/p>\n\n\n\n<h2 class=\"wp-block-heading\" id=\"bail-mobilite\">Le bail mobilit\u00e9<\/h2>\n\n\n\n<p>Trouvez une <strong>location meubl\u00e9e \u00e0 Paris en bail mobilit\u00e9<\/strong> (entre un et dix mois). Attention, ce type de bail n&#8217;est pas reconductible, il est toutefois possible d&#8217;opter pour le bail civil pour prolonger votre location.  <\/p>\n\n\n\n<h2 class=\"wp-block-heading\" id=\"location-temporaire-meublee\">Le bail civil<\/h2>\n\n\n\n<p><strong>Bail flexible <\/strong>pouvant \u00eatre reconduit \/ prolong\u00e9 jusqu&#8217;\u00e0 8 mois, ce type de contrat est consid\u00e9r\u00e9 comme <strong>location en r\u00e9sidence secondaire \/ temporaire.<\/strong><\/p>\n\n\n\n<h4 class=\"wp-block-heading\">Location temporaire meubl\u00e9e<\/h4>\n\n\n\n<div class=\"wp-block-columns is-layout-flex wp-container-core-columns-is-layout-9d6595d7 wp-block-columns-is-layout-flex\">\n<div class=\"wp-block-column is-layout-flow wp-block-column-is-layout-flow\">\n<p class=\"has-text-align-center\"><strong>Studio<\/strong><\/p>\n<\/div>\n\n\n\n<div class=\"wp-block-column is-layout-flow wp-block-column-is-layout-flow\">\n<p class=\"has-text-align-center\"><strong>2 pi\u00e8ces<\/strong><\/p>\n<\/div>\n\n\n\n<div class=\"wp-block-column is-layout-flow wp-block-column-is-layout-flow\">\n<p class=\"has-text-align-center\"><strong>3 pi\u00e8ces<\/strong><\/p>\n<\/div>\n\n\n\n<div class=\"wp-block-column is-layout-flow wp-block-column-is-layout-flow\">\n<p class=\"has-text-align-center\"><strong>4 pi\u00e8ces<\/strong><\/p>\n<\/div>\n\n\n\n<div class=\"wp-block-column is-layout-flow wp-block-column-is-layout-flow\">\n<p class=\"has-text-align-center\"><strong>5 pi\u00e8ces et +<\/strong><\/p>\n<\/div>\n<\/div>\n\n\n\n<p><\/p>\n","protected":false},"excerpt":{"rendered":"<p>Click and Bed vous propose la location d&#8217;appartements meubl\u00e9s au mois \u00e0 Paris Solution pour se loger \u00e0 Paris en bail mobilit\u00e9 ou en bail civil Le bail mobilit\u00e9 Trouvez une location meubl\u00e9e \u00e0 Paris en bail mobilit\u00e9 (entre un et dix mois). Attention, ce type de bail n&#8217;est pas reconductible, il est toutefois possible [&hellip;]<\/p>\n","protected":false},"author":1,"featured_media":0,"parent":0,"menu_order":0,"comment_status":"closed","ping_status":"closed","template":"","meta":{"footnotes":""},"class_list":["post-186","page","type-page","status-publish","hentry"],"aioseo_notices":[],"_links":{"self":[{"href":"https:\/\/www.paris.clickandbed.com\/index.php\/wp-json\/wp\/v2\/pages\/186","targetHints":{"allow":["GET"]}}],"collection":[{"href":"https:\/\/www.paris.clickandbed.com\/index.php\/wp-json\/wp\/v2\/pages"}],"about":[{"href":"https:\/\/www.paris.clickandbed.com\/index.php\/wp-json\/wp\/v2\/types\/page"}],"author":[{"embeddable":true,"href":"https:\/\/www.paris.clickandbed.com\/index.php\/wp-json\/wp\/v2\/users\/1"}],"replies":[{"embeddable":true,"href":"https:\/\/www.paris.clickandbed.com\/index.php\/wp-json\/wp\/v2\/comments?post=186"}],"version-history":[{"count":8,"href":"https:\/\/www.paris.clickandbed.com\/index.php\/wp-json\/wp\/v2\/pages\/186\/revisions"}],"predecessor-version":[{"id":272,"href":"https:\/\/www.paris.clickandbed.com\/index.php\/wp-json\/wp\/v2\/pages\/186\/revisions\/272"}],"wp:attachment":[{"href":"https:\/\/www.paris.clickandbed.com\/index.php\/wp-json\/wp\/v2\/media?parent=186"}],"curies":[{"name":"wp","href":"https:\/\/api.w.org\/{rel}","templated":true}]}}